{"id":691,"date":"2023-03-09T08:41:23","date_gmt":"2023-03-09T07:41:23","guid":{"rendered":"http:\/\/coxqyim.cluster027.hosting.ovh.net\/?page_id=691"},"modified":"2023-04-24T14:44:50","modified_gmt":"2023-04-24T12:44:50","slug":"presentation","status":"publish","type":"page","link":"https:\/\/odyssee-paie.com\/index.php\/presentation\/","title":{"rendered":"Pr\u00e9sentation"},"content":{"rendered":"\t\t<div data-elementor-type=\"wp-page\" data-elementor-id=\"691\" class=\"elementor elementor-691\" data-elementor-post-type=\"page\">\n\t\t\t\t\t\t<section class=\"elementor-section elementor-top-section elementor-element elementor-element-265ae68 elementor-section-boxed elementor-section-height-default elementor-section-height-default\" data-id=\"265ae68\" data-element_type=\"section\" data-settings=\"{&quot;background_background&quot;:&quot;classic&quot;}\">\n\t\t\t\t\t\t\t<div class=\"elementor-background-overlay\"><\/div>\n\t\t\t\t\t\t\t<div class=\"elementor-container elementor-column-gap-default\">\n\t\t\t\t\t<div class=\"elementor-column elementor-col-100 elementor-top-column elementor-element elementor-element-2debb00\" data-id=\"2debb00\" data-element_type=\"column\">\n\t\t\t<div class=\"elementor-widget-wrap elementor-element-populated\">\n\t\t\t\t\t\t<div class=\"elementor-element elementor-element-0c62f80 elementor-widget elementor-widget-heading\" data-id=\"0c62f80\" data-element_type=\"widget\" data-widget_type=\"heading.default\">\n\t\t\t\t<div class=\"elementor-widget-container\">\n\t\t\t\t\t<h2 class=\"elementor-heading-title elementor-size-default\">Qui sommes-nous ?<\/h2>\t\t\t\t<\/div>\n\t\t\t\t<\/div>\n\t\t\t\t\t<\/div>\n\t\t<\/div>\n\t\t\t\t\t<\/div>\n\t\t<\/section>\n\t\t\t\t<section class=\"elementor-section elementor-top-section elementor-element elementor-element-e4a1ba0 elementor-section-boxed elementor-section-height-default elementor-section-height-default\" data-id=\"e4a1ba0\" data-element_type=\"section\">\n\t\t\t\t\t\t<div class=\"elementor-container elementor-column-gap-default\">\n\t\t\t\t\t<div class=\"elementor-column elementor-col-100 elementor-top-column elementor-element elementor-element-14c901d\" data-id=\"14c901d\" data-element_type=\"column\">\n\t\t\t<div class=\"elementor-widget-wrap elementor-element-populated\">\n\t\t\t\t\t\t<div class=\"elementor-element elementor-element-291de7b elementor-widget elementor-widget-heading\" data-id=\"291de7b\" data-element_type=\"widget\" data-widget_type=\"heading.default\">\n\t\t\t\t<div class=\"elementor-widget-container\">\n\t\t\t\t\t<h2 class=\"elementor-heading-title elementor-size-default\">Le mot de la dirigeante<\/h2>\t\t\t\t<\/div>\n\t\t\t\t<\/div>\n\t\t\t\t<div class=\"elementor-element elementor-element-3267581 elementor-widget-divider--view-line elementor-widget elementor-widget-divider\" data-id=\"3267581\" data-element_type=\"widget\" data-widget_type=\"divider.default\">\n\t\t\t\t<div class=\"elementor-widget-container\">\n\t\t\t\t\t\t\t<div class=\"elementor-divider\">\n\t\t\t<span class=\"elementor-divider-separator\">\n\t\t\t\t\t\t<\/span>\n\t\t<\/div>\n\t\t\t\t\t\t<\/div>\n\t\t\t\t<\/div>\n\t\t\t\t\t<\/div>\n\t\t<\/div>\n\t\t\t\t\t<\/div>\n\t\t<\/section>\n\t\t\t\t<section class=\"elementor-section elementor-top-section elementor-element elementor-element-7c909ac elementor-section-boxed elementor-section-height-default elementor-section-height-default\" data-id=\"7c909ac\" data-element_type=\"section\">\n\t\t\t\t\t\t<div class=\"elementor-container elementor-column-gap-default\">\n\t\t\t\t\t<div class=\"elementor-column elementor-col-50 elementor-top-column elementor-element elementor-element-91fc53b\" data-id=\"91fc53b\" data-element_type=\"column\" data-settings=\"{&quot;background_background&quot;:&quot;classic&quot;}\">\n\t\t\t<div class=\"elementor-widget-wrap elementor-element-populated\">\n\t\t\t\t\t\t<div class=\"elementor-element elementor-element-9e063f9 elementor-widget elementor-widget-text-editor\" data-id=\"9e063f9\" data-element_type=\"widget\" data-widget_type=\"text-editor.default\">\n\t\t\t\t<div class=\"elementor-widget-container\">\n\t\t\t\t\t\t\t\t\t<p>Apr\u00e8s pr\u00e8s de 10 ann\u00e9es denses et enrichissantes lors desquelles j\u2019ai conseill\u00e9 et accompagn\u00e9 des entrepreneurs et des responsables de ressources humaines dans leur gestion du personnel, au sein d\u2019un cabinet d\u2019Expertise Comptable, je me suis pos\u00e9 une question&nbsp;<span style=\"font-size: 1rem;\">:<\/span><\/p>\n<p>Pourquoi le social est-il encore g\u00e9r\u00e9 en grande majorit\u00e9 par des cabinets multi-services alors qu\u2019il requiert une r\u00e9elle expertise ?<\/p>\n<p>Quelques mois plus tard naissait ODYSSEE PAIE, cabinet d\u2019expertise sociale compos\u00e9 uniquement de sp\u00e9cialistes de la paie, des ressources humaines et du Droit du travail.<\/p>\n<p>Notre mission ne s\u2019arr\u00eate pas \u00e0 la simple production des fiches de paie et des d\u00e9clarations sociales. Elle transcende notre c\u0153ur de m\u00e9tier et renvoie \u00e0 une importante responsabilit\u00e9, celle d\u2019accompagner les dirigeants d\u2019entreprises et les services ressources humaines dans leur gestion quotidienne du personnel, avec r\u00e9activit\u00e9 et expertise.<\/p>\n<p>Nous sommes conscients de l\u2019importance d\u2019optimiser les co\u00fbts des cotisations et charges sociales pour l\u2019entreprise et nous savons le faire. Nous avons aussi \u00e0 c\u0153ur de r\u00e9pondre sans d\u00e9lai \u00e0 toutes vos questions en mati\u00e8re du Droit du travail et nous le faisons bien.<\/p>\n<p>C\u2019est comme cela que nous vous apportons le service irr\u00e9prochable que vous m\u00e9ritez.<\/p>\t\t\t\t\t\t\t\t<\/div>\n\t\t\t\t<\/div>\n\t\t\t\t<div class=\"elementor-element elementor-element-4d3a0f2 elementor-widget elementor-widget-text-editor\" data-id=\"4d3a0f2\" data-element_type=\"widget\" data-widget_type=\"text-editor.default\">\n\t\t\t\t<div class=\"elementor-widget-container\">\n\t\t\t\t\t\t\t\t\t<p>Oriane DARTHIAIL, fondatrice d\u2019ODYSSEE PAIE, Cabinet d\u2019Expertise sociale<\/p>\t\t\t\t\t\t\t\t<\/div>\n\t\t\t\t<\/div>\n\t\t\t\t\t<\/div>\n\t\t<\/div>\n\t\t\t\t<div class=\"elementor-column elementor-col-50 elementor-top-column elementor-element elementor-element-0006db4\" data-id=\"0006db4\" data-element_type=\"column\" data-settings=\"{&quot;background_background&quot;:&quot;classic&quot;}\">\n\t\t\t<div class=\"elementor-widget-wrap elementor-element-populated\">\n\t\t\t\t\t<div class=\"elementor-background-overlay\"><\/div>\n\t\t\t\t\t\t<div class=\"elementor-element elementor-element-8cc759e elementor-widget elementor-widget-spacer\" data-id=\"8cc759e\" data-element_type=\"widget\" data-widget_type=\"spacer.default\">\n\t\t\t\t<div class=\"elementor-widget-container\">\n\t\t\t\t\t\t\t<div class=\"elementor-spacer\">\n\t\t\t<div class=\"elementor-spacer-inner\"><\/div>\n\t\t<\/div>\n\t\t\t\t\t\t<\/div>\n\t\t\t\t<\/div>\n\t\t\t\t\t<\/div>\n\t\t<\/div>\n\t\t\t\t\t<\/div>\n\t\t<\/section>\n\t\t\t\t<\/div>\n\t\t","protected":false},"excerpt":{"rendered":"<p>Qui sommes-nous ? Le mot de la dirigeante Apr\u00e8s pr\u00e8s de 10 ann\u00e9es denses et enrichissantes lors desquelles j\u2019ai conseill\u00e9 et accompagn\u00e9 des entrepreneurs et des responsables de ressources humaines dans leur gestion du personnel, au sein d\u2019un cabinet d\u2019Expertise Comptable, je me suis pos\u00e9 une question&nbsp;: Pourquoi le social est-il encore g\u00e9r\u00e9 en grande [&hellip;]<\/p>\n","protected":false},"author":1,"featured_media":0,"parent":0,"menu_order":0,"comment_status":"closed","ping_status":"closed","template":"","meta":{"footnotes":""},"class_list":["post-691","page","type-page","status-publish","hentry"],"yoast_head":"<!-- This site is optimized with the Yoast SEO plugin v24.1 - https:\/\/yoast.com\/wordpress\/plugins\/seo\/ -->\n<title>Pr\u00e9sentation - Odyss\u00e9e paie<\/title>\n<meta name=\"description\" content=\"Qui sommes-nous ? Retrouvez la pr\u00e9sentation compl\u00e8te de notre cabinet d&#039;expertise sociale, Odyss\u00e9e paie. 9 Rue Antoine Gadaud.\" \/>\n<meta name=\"robots\" content=\"index, follow, max-snippet:-1, max-image-preview:large, max-video-preview:-1\" \/>\n<link rel=\"canonical\" href=\"https:\/\/odyssee-paie.com\/index.php\/presentation\/\" \/>\n<meta property=\"og:locale\" content=\"fr_FR\" \/>\n<meta property=\"og:type\" content=\"article\" \/>\n<meta property=\"og:title\" content=\"Pr\u00e9sentation - Odyss\u00e9e paie\" \/>\n<meta property=\"og:description\" content=\"Qui sommes-nous ? Retrouvez la pr\u00e9sentation compl\u00e8te de notre cabinet d&#039;expertise sociale, Odyss\u00e9e paie. 9 Rue Antoine Gadaud.\" \/>\n<meta property=\"og:url\" content=\"https:\/\/odyssee-paie.com\/index.php\/presentation\/\" \/>\n<meta property=\"og:site_name\" content=\"Odyss\u00e9e paie\" \/>\n<meta property=\"article:modified_time\" content=\"2023-04-24T12:44:50+00:00\" \/>\n<meta name=\"twitter:card\" content=\"summary_large_image\" \/>\n<meta name=\"twitter:label1\" content=\"Dur\u00e9e de lecture estim\u00e9e\" \/>\n\t<meta name=\"twitter:data1\" content=\"2 minutes\" \/>\n<script type=\"application\/ld+json\" class=\"yoast-schema-graph\">{\"@context\":\"https:\/\/schema.org\",\"@graph\":[{\"@type\":\"WebPage\",\"@id\":\"https:\/\/odyssee-paie.com\/index.php\/presentation\/\",\"url\":\"https:\/\/odyssee-paie.com\/index.php\/presentation\/\",\"name\":\"Pr\u00e9sentation - Odyss\u00e9e paie\",\"isPartOf\":{\"@id\":\"https:\/\/odyssee-paie.com\/#website\"},\"datePublished\":\"2023-03-09T07:41:23+00:00\",\"dateModified\":\"2023-04-24T12:44:50+00:00\",\"description\":\"Qui sommes-nous ? Retrouvez la pr\u00e9sentation compl\u00e8te de notre cabinet d'expertise sociale, Odyss\u00e9e paie. 9 Rue Antoine Gadaud.\",\"breadcrumb\":{\"@id\":\"https:\/\/odyssee-paie.com\/index.php\/presentation\/#breadcrumb\"},\"inLanguage\":\"fr-FR\",\"potentialAction\":[{\"@type\":\"ReadAction\",\"target\":[\"https:\/\/odyssee-paie.com\/index.php\/presentation\/\"]}]},{\"@type\":\"BreadcrumbList\",\"@id\":\"https:\/\/odyssee-paie.com\/index.php\/presentation\/#breadcrumb\",\"itemListElement\":[{\"@type\":\"ListItem\",\"position\":1,\"name\":\"Accueil\",\"item\":\"https:\/\/odyssee-paie.com\/\"},{\"@type\":\"ListItem\",\"position\":2,\"name\":\"Pr\u00e9sentation\"}]},{\"@type\":\"WebSite\",\"@id\":\"https:\/\/odyssee-paie.com\/#website\",\"url\":\"https:\/\/odyssee-paie.com\/\",\"name\":\"Odyss\u00e9e paie\",\"description\":\"\",\"publisher\":{\"@id\":\"https:\/\/odyssee-paie.com\/#organization\"},\"potentialAction\":[{\"@type\":\"SearchAction\",\"target\":{\"@type\":\"EntryPoint\",\"urlTemplate\":\"https:\/\/odyssee-paie.com\/?s={search_term_string}\"},\"query-input\":{\"@type\":\"PropertyValueSpecification\",\"valueRequired\":true,\"valueName\":\"search_term_string\"}}],\"inLanguage\":\"fr-FR\"},{\"@type\":\"Organization\",\"@id\":\"https:\/\/odyssee-paie.com\/#organization\",\"name\":\"Odyss\u00e9e paie\",\"url\":\"https:\/\/odyssee-paie.com\/\",\"logo\":{\"@type\":\"ImageObject\",\"inLanguage\":\"fr-FR\",\"@id\":\"https:\/\/odyssee-paie.com\/#\/schema\/logo\/image\/\",\"url\":\"https:\/\/odyssee-paie.com\/wp-content\/uploads\/2023\/02\/cropped-Odyssee-logo-blanc.webp\",\"contentUrl\":\"https:\/\/odyssee-paie.com\/wp-content\/uploads\/2023\/02\/cropped-Odyssee-logo-blanc.webp\",\"width\":1000,\"height\":286,\"caption\":\"Odyss\u00e9e paie\"},\"image\":{\"@id\":\"https:\/\/odyssee-paie.com\/#\/schema\/logo\/image\/\"}}]}<\/script>\n<!-- \/ Yoast SEO plugin. -->","yoast_head_json":{"title":"Pr\u00e9sentation - Odyss\u00e9e paie","description":"Qui sommes-nous ? Retrouvez la pr\u00e9sentation compl\u00e8te de notre cabinet d'expertise sociale, Odyss\u00e9e paie. 9 Rue Antoine Gadaud.","robots":{"index":"index","follow":"follow","max-snippet":"max-snippet:-1","max-image-preview":"max-image-preview:large","max-video-preview":"max-video-preview:-1"},"canonical":"https:\/\/odyssee-paie.com\/index.php\/presentation\/","og_locale":"fr_FR","og_type":"article","og_title":"Pr\u00e9sentation - Odyss\u00e9e paie","og_description":"Qui sommes-nous ? Retrouvez la pr\u00e9sentation compl\u00e8te de notre cabinet d'expertise sociale, Odyss\u00e9e paie. 9 Rue Antoine Gadaud.","og_url":"https:\/\/odyssee-paie.com\/index.php\/presentation\/","og_site_name":"Odyss\u00e9e paie","article_modified_time":"2023-04-24T12:44:50+00:00","twitter_card":"summary_large_image","twitter_misc":{"Dur\u00e9e de lecture estim\u00e9e":"2 minutes"},"schema":{"@context":"https:\/\/schema.org","@graph":[{"@type":"WebPage","@id":"https:\/\/odyssee-paie.com\/index.php\/presentation\/","url":"https:\/\/odyssee-paie.com\/index.php\/presentation\/","name":"Pr\u00e9sentation - Odyss\u00e9e paie","isPartOf":{"@id":"https:\/\/odyssee-paie.com\/#website"},"datePublished":"2023-03-09T07:41:23+00:00","dateModified":"2023-04-24T12:44:50+00:00","description":"Qui sommes-nous ? Retrouvez la pr\u00e9sentation compl\u00e8te de notre cabinet d'expertise sociale, Odyss\u00e9e paie. 9 Rue Antoine Gadaud.","breadcrumb":{"@id":"https:\/\/odyssee-paie.com\/index.php\/presentation\/#breadcrumb"},"inLanguage":"fr-FR","potentialAction":[{"@type":"ReadAction","target":["https:\/\/odyssee-paie.com\/index.php\/presentation\/"]}]},{"@type":"BreadcrumbList","@id":"https:\/\/odyssee-paie.com\/index.php\/presentation\/#breadcrumb","itemListElement":[{"@type":"ListItem","position":1,"name":"Accueil","item":"https:\/\/odyssee-paie.com\/"},{"@type":"ListItem","position":2,"name":"Pr\u00e9sentation"}]},{"@type":"WebSite","@id":"https:\/\/odyssee-paie.com\/#website","url":"https:\/\/odyssee-paie.com\/","name":"Odyss\u00e9e paie","description":"","publisher":{"@id":"https:\/\/odyssee-paie.com\/#organization"},"potentialAction":[{"@type":"SearchAction","target":{"@type":"EntryPoint","urlTemplate":"https:\/\/odyssee-paie.com\/?s={search_term_string}"},"query-input":{"@type":"PropertyValueSpecification","valueRequired":true,"valueName":"search_term_string"}}],"inLanguage":"fr-FR"},{"@type":"Organization","@id":"https:\/\/odyssee-paie.com\/#organization","name":"Odyss\u00e9e paie","url":"https:\/\/odyssee-paie.com\/","logo":{"@type":"ImageObject","inLanguage":"fr-FR","@id":"https:\/\/odyssee-paie.com\/#\/schema\/logo\/image\/","url":"https:\/\/odyssee-paie.com\/wp-content\/uploads\/2023\/02\/cropped-Odyssee-logo-blanc.webp","contentUrl":"https:\/\/odyssee-paie.com\/wp-content\/uploads\/2023\/02\/cropped-Odyssee-logo-blanc.webp","width":1000,"height":286,"caption":"Odyss\u00e9e paie"},"image":{"@id":"https:\/\/odyssee-paie.com\/#\/schema\/logo\/image\/"}}]}},"_links":{"self":[{"href":"https:\/\/odyssee-paie.com\/index.php\/wp-json\/wp\/v2\/pages\/691","targetHints":{"allow":["GET"]}}],"collection":[{"href":"https:\/\/odyssee-paie.com\/index.php\/wp-json\/wp\/v2\/pages"}],"about":[{"href":"https:\/\/odyssee-paie.com\/index.php\/wp-json\/wp\/v2\/types\/page"}],"author":[{"embeddable":true,"href":"https:\/\/odyssee-paie.com\/index.php\/wp-json\/wp\/v2\/users\/1"}],"replies":[{"embeddable":true,"href":"https:\/\/odyssee-paie.com\/index.php\/wp-json\/wp\/v2\/comments?post=691"}],"version-history":[{"count":0,"href":"https:\/\/odyssee-paie.com\/index.php\/wp-json\/wp\/v2\/pages\/691\/revisions"}],"wp:attachment":[{"href":"https:\/\/odyssee-paie.com\/index.php\/wp-json\/wp\/v2\/media?parent=691"}],"curies":[{"name":"wp","href":"https:\/\/api.w.org\/{rel}","templated":true}]}}